{"id":837,"date":"2023-12-06T19:01:38","date_gmt":"2023-12-06T19:01:38","guid":{"rendered":"https:\/\/naturephotosdld.ca\/?post_type=product&#038;p=837"},"modified":"2023-12-16T22:27:41","modified_gmt":"2023-12-17T04:27:41","slug":"alpine-bearberry","status":"publish","type":"product","link":"https:\/\/naturephotosdld.ca\/fr\/produit\/alpine-bearberry\/","title":{"rendered":"Busserole alpine"},"content":{"rendered":"<p>Les plantes alpines telles que la Busserole alpine et la Canneberge alpine sont adapt\u00e9es aux conditions difficiles telles que un sol peu profond et de pauvre qualit\u00e9 ainsi qu'un vent fort. Celles-ci ont des feuilles \u00e9paisses ou poilues qui retiennent l'eau et des tiges courtes.<\/p>","protected":false},"excerpt":{"rendered":"<p>Les plantes alpines telles que la Busserole alpine et la Canneberge alpine sont adapt\u00e9es aux conditions difficiles telles que un sol peu profond et de pauvre qualit\u00e9 ainsi qu'un vent fort. Celles-ci ont des feuilles \u00e9paisses ou poilues qui retiennent l'eau et des tiges courtes.<\/p>","protected":false},"featured_media":561,"comment_status":"closed","ping_status":"closed","template":"","meta":{"nf_dc_page":""},"product_cat":[42],"product_tag":[],"class_list":{"0":"post-837","1":"product","2":"type-product","3":"status-publish","4":"has-post-thumbnail","6":"product_cat-wildflowers","8":"first","9":"instock","10":"shipping-taxable","11":"purchasable","12":"product-type-variable"},"_links":{"self":[{"href":"https:\/\/naturephotosdld.ca\/fr\/wp-json\/wp\/v2\/product\/837"}],"collection":[{"href":"https:\/\/naturephotosdld.ca\/fr\/wp-json\/wp\/v2\/product"}],"about":[{"href":"https:\/\/naturephotosdld.ca\/fr\/wp-json\/wp\/v2\/types\/product"}],"replies":[{"embeddable":true,"href":"https:\/\/naturephotosdld.ca\/fr\/wp-json\/wp\/v2\/comments?post=837"}],"version-history":[{"count":4,"href":"https:\/\/naturephotosdld.ca\/fr\/wp-json\/wp\/v2\/product\/837\/revisions"}],"predecessor-version":[{"id":1128,"href":"https:\/\/naturephotosdld.ca\/fr\/wp-json\/wp\/v2\/product\/837\/revisions\/1128"}],"wp:featuredmedia":[{"embeddable":true,"href":"https:\/\/naturephotosdld.ca\/fr\/wp-json\/wp\/v2\/media\/561"}],"wp:attachment":[{"href":"https:\/\/naturephotosdld.ca\/fr\/wp-json\/wp\/v2\/media?parent=837"}],"wp:term":[{"taxonomy":"product_cat","embeddable":true,"href":"https:\/\/naturephotosdld.ca\/fr\/wp-json\/wp\/v2\/product_cat?post=837"},{"taxonomy":"product_tag","embeddable":true,"href":"https:\/\/naturephotosdld.ca\/fr\/wp-json\/wp\/v2\/product_tag?post=837"}],"curies":[{"name":"wp","href":"https:\/\/api.w.org\/{rel}","templated":true}]}}