{"id":1985,"date":"2023-12-11T13:24:14","date_gmt":"2023-12-11T19:24:14","guid":{"rendered":"https:\/\/naturephotosdld.ca\/?post_type=product&#038;p=1985"},"modified":"2024-01-14T13:51:51","modified_gmt":"2024-01-14T19:51:51","slug":"calendrier-de-la-nature-2024","status":"publish","type":"product","link":"https:\/\/naturephotosdld.ca\/fr\/produit\/calendrier-de-la-nature-2024\/","title":{"rendered":"Calendrier de la nature 2024 (en Fran\u00e7ais)"},"content":{"rendered":"<p>Un joli calendrier de 12 photos de la nature (grandeur actuelle de la photo 8.5 pouces x 11 pouces) (calendrier 11 pouces x 17 pouces ouvert), imprim\u00e9 sur du papier cartonn\u00e9. Le calendrier des mois est en format grand blocs permettant de noter les \u00e9v\u00e8nements sp\u00e9ciaux de votre famille. Veuillez noter que les dates des f\u00eates religieuses et civiques <strong>ne sont pas<\/strong> indiqu\u00e9es dans ce calendrier.<\/p>\n<p>** Livraison au Canada seulement. Les frais de livraison sont inclus dans le prix d&#8217;achat.<\/p>","protected":false},"excerpt":{"rendered":"<p>Un joli calendrier de 12 photos de la nature (grandeur actuelle de la photo 8.5 pouces x 11 pouces) (calendrier 11 pouces x 17 pouces ouvert), imprim\u00e9 sur du papier cartonn\u00e9. Le calendrier des mois est en format grand blocs permettant de noter les \u00e9v\u00e8nements sp\u00e9ciaux de votre famille. Veuillez noter que les dates des [&hellip;]<\/p>","protected":false},"featured_media":22,"comment_status":"closed","ping_status":"closed","template":"","meta":{"nf_dc_page":""},"product_cat":[48],"product_tag":[],"class_list":{"0":"post-1985","1":"product","2":"type-product","3":"status-publish","4":"has-post-thumbnail","6":"product_cat-calendar","8":"first","9":"instock","10":"shipping-taxable","11":"purchasable","12":"product-type-simple"},"_links":{"self":[{"href":"https:\/\/naturephotosdld.ca\/fr\/wp-json\/wp\/v2\/product\/1985"}],"collection":[{"href":"https:\/\/naturephotosdld.ca\/fr\/wp-json\/wp\/v2\/product"}],"about":[{"href":"https:\/\/naturephotosdld.ca\/fr\/wp-json\/wp\/v2\/types\/product"}],"replies":[{"embeddable":true,"href":"https:\/\/naturephotosdld.ca\/fr\/wp-json\/wp\/v2\/comments?post=1985"}],"version-history":[{"count":5,"href":"https:\/\/naturephotosdld.ca\/fr\/wp-json\/wp\/v2\/product\/1985\/revisions"}],"predecessor-version":[{"id":2213,"href":"https:\/\/naturephotosdld.ca\/fr\/wp-json\/wp\/v2\/product\/1985\/revisions\/2213"}],"wp:featuredmedia":[{"embeddable":true,"href":"https:\/\/naturephotosdld.ca\/fr\/wp-json\/wp\/v2\/media\/22"}],"wp:attachment":[{"href":"https:\/\/naturephotosdld.ca\/fr\/wp-json\/wp\/v2\/media?parent=1985"}],"wp:term":[{"taxonomy":"product_cat","embeddable":true,"href":"https:\/\/naturephotosdld.ca\/fr\/wp-json\/wp\/v2\/product_cat?post=1985"},{"taxonomy":"product_tag","embeddable":true,"href":"https:\/\/naturephotosdld.ca\/fr\/wp-json\/wp\/v2\/product_tag?post=1985"}],"curies":[{"name":"wp","href":"https:\/\/api.w.org\/{rel}","templated":true}]}}