{"id":1256,"date":"2023-12-09T16:22:05","date_gmt":"2023-12-09T16:22:05","guid":{"rendered":"https:\/\/naturephotosdld.ca\/?post_type=product&#038;p=1256"},"modified":"2023-12-16T21:47:45","modified_gmt":"2023-12-17T03:47:45","slug":"western-red-cedar-temperate-rain-forest","status":"publish","type":"product","link":"https:\/\/naturephotosdld.ca\/fr\/produit\/western-red-cedar-temperate-rain-forest\/","title":{"rendered":"C\u00e8dre rouge de l'Ouest - for\u00eat pluviale temp\u00e9r\u00e9e"},"content":{"rendered":"<p>Le C\u00e8dre rouge est retrouv\u00e9 dans les for\u00eats pluviales temp\u00e9r\u00e9es de la c\u00f4t\u00e9 Ouest du Canada et connu pour sa immense grandeur. Cette photo fut prise dans la for\u00eat  'Ancient Cedar' pr\u00e8s de McBride en Colombie Britannique. Comme tous les conif\u00e8res, ce c\u00e8dre a des racines peu profondes donc il est sujet \u00e0 s'effondrer lors de gros vents.<\/p>","protected":false},"excerpt":{"rendered":"<p>The Western Red Cedar is known for its immense size, growing in temperate rain forests found on the West Coast of Canada. This photo was taken in the Ancient Cedar Forest near McBride, British Columbia. Like other conifers, it has shallow roots rather than deep tap roots, meaning that they are prone to toppling over [&hellip;]<\/p>","protected":false},"featured_media":587,"comment_status":"closed","ping_status":"closed","template":"","meta":{"nf_dc_page":""},"product_cat":[46],"product_tag":[],"class_list":{"0":"post-1256","1":"product","2":"type-product","3":"status-publish","4":"has-post-thumbnail","6":"product_cat-forests-and-trees","8":"first","9":"instock","10":"shipping-taxable","11":"purchasable","12":"product-type-variable"},"_links":{"self":[{"href":"https:\/\/naturephotosdld.ca\/fr\/wp-json\/wp\/v2\/product\/1256"}],"collection":[{"href":"https:\/\/naturephotosdld.ca\/fr\/wp-json\/wp\/v2\/product"}],"about":[{"href":"https:\/\/naturephotosdld.ca\/fr\/wp-json\/wp\/v2\/types\/product"}],"replies":[{"embeddable":true,"href":"https:\/\/naturephotosdld.ca\/fr\/wp-json\/wp\/v2\/comments?post=1256"}],"version-history":[{"count":2,"href":"https:\/\/naturephotosdld.ca\/fr\/wp-json\/wp\/v2\/product\/1256\/revisions"}],"predecessor-version":[{"id":1966,"href":"https:\/\/naturephotosdld.ca\/fr\/wp-json\/wp\/v2\/product\/1256\/revisions\/1966"}],"wp:featuredmedia":[{"embeddable":true,"href":"https:\/\/naturephotosdld.ca\/fr\/wp-json\/wp\/v2\/media\/587"}],"wp:attachment":[{"href":"https:\/\/naturephotosdld.ca\/fr\/wp-json\/wp\/v2\/media?parent=1256"}],"wp:term":[{"taxonomy":"product_cat","embeddable":true,"href":"https:\/\/naturephotosdld.ca\/fr\/wp-json\/wp\/v2\/product_cat?post=1256"},{"taxonomy":"product_tag","embeddable":true,"href":"https:\/\/naturephotosdld.ca\/fr\/wp-json\/wp\/v2\/product_tag?post=1256"}],"curies":[{"name":"wp","href":"https:\/\/api.w.org\/{rel}","templated":true}]}}