{"id":1241,"date":"2023-12-09T16:17:44","date_gmt":"2023-12-09T16:17:44","guid":{"rendered":"https:\/\/naturephotosdld.ca\/?post_type=product&#038;p=1241"},"modified":"2023-12-16T21:51:59","modified_gmt":"2023-12-17T03:51:59","slug":"striated-bark","status":"publish","type":"product","link":"https:\/\/naturephotosdld.ca\/fr\/produit\/striated-bark\/","title":{"rendered":"\u00c9corce stri\u00e9e"},"content":{"rendered":"<p>Les couleurs vibrantes sur ce tronc d'arbre mouill\u00e9 par une pluie fine piqu\u00e8rent ma curiosit\u00e9. En regardant de plus pr\u00e8s, on voit des lignes oranges stri\u00e9es parmi les lichens et mousses qui poussent sur l'\u00e9corce. Peu probable qu'elles soient caus\u00e9es par des insectes, ce sont peut-\u00eatre des cernes de croissance o\u00f9 l'\u00e9corce est us\u00e9e \u00e0 un angle. C'est un myst\u00e8re \u00e0 r\u00e9soudre.<\/p>","protected":false},"excerpt":{"rendered":"<p>The bright colours on this fallen log on a misty morning struck my curiosty. A closer look shows orange wavy striations among lichen and moss growing on the bark. Unlikely to be caused by insects, they might be growth rings where the bark is worn down at an angle. It remains a mystery to be [&hellip;]<\/p>","protected":false},"featured_media":584,"comment_status":"closed","ping_status":"closed","template":"","meta":{"nf_dc_page":""},"product_cat":[46],"product_tag":[],"class_list":{"0":"post-1241","1":"product","2":"type-product","3":"status-publish","4":"has-post-thumbnail","6":"product_cat-forests-and-trees","8":"first","9":"instock","10":"shipping-taxable","11":"purchasable","12":"product-type-variable"},"_links":{"self":[{"href":"https:\/\/naturephotosdld.ca\/fr\/wp-json\/wp\/v2\/product\/1241"}],"collection":[{"href":"https:\/\/naturephotosdld.ca\/fr\/wp-json\/wp\/v2\/product"}],"about":[{"href":"https:\/\/naturephotosdld.ca\/fr\/wp-json\/wp\/v2\/types\/product"}],"replies":[{"embeddable":true,"href":"https:\/\/naturephotosdld.ca\/fr\/wp-json\/wp\/v2\/comments?post=1241"}],"version-history":[{"count":3,"href":"https:\/\/naturephotosdld.ca\/fr\/wp-json\/wp\/v2\/product\/1241\/revisions"}],"predecessor-version":[{"id":1926,"href":"https:\/\/naturephotosdld.ca\/fr\/wp-json\/wp\/v2\/product\/1241\/revisions\/1926"}],"wp:featuredmedia":[{"embeddable":true,"href":"https:\/\/naturephotosdld.ca\/fr\/wp-json\/wp\/v2\/media\/584"}],"wp:attachment":[{"href":"https:\/\/naturephotosdld.ca\/fr\/wp-json\/wp\/v2\/media?parent=1241"}],"wp:term":[{"taxonomy":"product_cat","embeddable":true,"href":"https:\/\/naturephotosdld.ca\/fr\/wp-json\/wp\/v2\/product_cat?post=1241"},{"taxonomy":"product_tag","embeddable":true,"href":"https:\/\/naturephotosdld.ca\/fr\/wp-json\/wp\/v2\/product_tag?post=1241"}],"curies":[{"name":"wp","href":"https:\/\/api.w.org\/{rel}","templated":true}]}}