{"id":1236,"date":"2023-12-09T16:08:28","date_gmt":"2023-12-09T16:08:28","guid":{"rendered":"https:\/\/naturephotosdld.ca\/?post_type=product&#038;p=1236"},"modified":"2023-12-16T21:53:10","modified_gmt":"2023-12-17T03:53:10","slug":"spruce-cone-ver","status":"publish","type":"product","link":"https:\/\/naturephotosdld.ca\/fr\/produit\/spruce-cone-ver\/","title":{"rendered":"C\u00f4ne d'\u00e9pinette (ver)"},"content":{"rendered":"<p>Ces c\u00f4nes se d\u00e9veloppent des bourgeons rose-fonc\u00e9s de l'\u00c9pinette de Norv\u00e8ge au printemps. Ils deviendront \u00e9ventuellement brun.<\/p>","protected":false},"excerpt":{"rendered":"<p>Ces c\u00f4nes se d\u00e9veloppent des bourgeons rose-fonc\u00e9s de l'\u00c9pinette de Norv\u00e8ge au printemps. Ils deviendront \u00e9ventuellement brun.<\/p>","protected":false},"featured_media":583,"comment_status":"closed","ping_status":"closed","template":"","meta":{"nf_dc_page":""},"product_cat":[46],"product_tag":[],"class_list":{"0":"post-1236","1":"product","2":"type-product","3":"status-publish","4":"has-post-thumbnail","6":"product_cat-forests-and-trees","8":"first","9":"instock","10":"shipping-taxable","11":"purchasable","12":"product-type-variable"},"_links":{"self":[{"href":"https:\/\/naturephotosdld.ca\/fr\/wp-json\/wp\/v2\/product\/1236"}],"collection":[{"href":"https:\/\/naturephotosdld.ca\/fr\/wp-json\/wp\/v2\/product"}],"about":[{"href":"https:\/\/naturephotosdld.ca\/fr\/wp-json\/wp\/v2\/types\/product"}],"replies":[{"embeddable":true,"href":"https:\/\/naturephotosdld.ca\/fr\/wp-json\/wp\/v2\/comments?post=1236"}],"version-history":[{"count":2,"href":"https:\/\/naturephotosdld.ca\/fr\/wp-json\/wp\/v2\/product\/1236\/revisions"}],"predecessor-version":[{"id":1937,"href":"https:\/\/naturephotosdld.ca\/fr\/wp-json\/wp\/v2\/product\/1236\/revisions\/1937"}],"wp:featuredmedia":[{"embeddable":true,"href":"https:\/\/naturephotosdld.ca\/fr\/wp-json\/wp\/v2\/media\/583"}],"wp:attachment":[{"href":"https:\/\/naturephotosdld.ca\/fr\/wp-json\/wp\/v2\/media?parent=1236"}],"wp:term":[{"taxonomy":"product_cat","embeddable":true,"href":"https:\/\/naturephotosdld.ca\/fr\/wp-json\/wp\/v2\/product_cat?post=1236"},{"taxonomy":"product_tag","embeddable":true,"href":"https:\/\/naturephotosdld.ca\/fr\/wp-json\/wp\/v2\/product_tag?post=1236"}],"curies":[{"name":"wp","href":"https:\/\/api.w.org\/{rel}","templated":true}]}}