{"id":1231,"date":"2023-12-09T16:05:27","date_gmt":"2023-12-09T16:05:27","guid":{"rendered":"https:\/\/naturephotosdld.ca\/?post_type=product&#038;p=1231"},"modified":"2023-12-16T22:07:50","modified_gmt":"2023-12-17T04:07:50","slug":"northern-lily","status":"publish","type":"product","link":"https:\/\/naturephotosdld.ca\/fr\/produit\/northern-lily\/","title":{"rendered":"Lis de la Philadelphie"},"content":{"rendered":"<p>Le Lis de la Philadelphie est commune en Am\u00e9rique du Nord et pousse dans une vari\u00e9t\u00e9 de conditions et endroits. Les fleurs de couleurs vifs peuvent \u00eatre seules ou regroup\u00e9es jusque par trois.<\/p>","protected":false},"excerpt":{"rendered":"<p>Le Lis de la Philadelphie est commune en Am\u00e9rique du Nord et pousse dans une vari\u00e9t\u00e9 de conditions et endroits. Les fleurs de couleurs vifs peuvent \u00eatre seules ou regroup\u00e9es jusque par trois.<\/p>","protected":false},"featured_media":582,"comment_status":"closed","ping_status":"closed","template":"","meta":{"nf_dc_page":""},"product_cat":[42],"product_tag":[],"class_list":{"0":"post-1231","1":"product","2":"type-product","3":"status-publish","4":"has-post-thumbnail","6":"product_cat-wildflowers","8":"first","9":"instock","10":"shipping-taxable","11":"purchasable","12":"product-type-variable"},"_links":{"self":[{"href":"https:\/\/naturephotosdld.ca\/fr\/wp-json\/wp\/v2\/product\/1231"}],"collection":[{"href":"https:\/\/naturephotosdld.ca\/fr\/wp-json\/wp\/v2\/product"}],"about":[{"href":"https:\/\/naturephotosdld.ca\/fr\/wp-json\/wp\/v2\/types\/product"}],"replies":[{"embeddable":true,"href":"https:\/\/naturephotosdld.ca\/fr\/wp-json\/wp\/v2\/comments?post=1231"}],"version-history":[{"count":3,"href":"https:\/\/naturephotosdld.ca\/fr\/wp-json\/wp\/v2\/product\/1231\/revisions"}],"predecessor-version":[{"id":1931,"href":"https:\/\/naturephotosdld.ca\/fr\/wp-json\/wp\/v2\/product\/1231\/revisions\/1931"}],"wp:featuredmedia":[{"embeddable":true,"href":"https:\/\/naturephotosdld.ca\/fr\/wp-json\/wp\/v2\/media\/582"}],"wp:attachment":[{"href":"https:\/\/naturephotosdld.ca\/fr\/wp-json\/wp\/v2\/media?parent=1231"}],"wp:term":[{"taxonomy":"product_cat","embeddable":true,"href":"https:\/\/naturephotosdld.ca\/fr\/wp-json\/wp\/v2\/product_cat?post=1231"},{"taxonomy":"product_tag","embeddable":true,"href":"https:\/\/naturephotosdld.ca\/fr\/wp-json\/wp\/v2\/product_tag?post=1231"}],"curies":[{"name":"wp","href":"https:\/\/api.w.org\/{rel}","templated":true}]}}