{"id":1226,"date":"2023-12-09T16:03:49","date_gmt":"2023-12-09T16:03:49","guid":{"rendered":"https:\/\/naturephotosdld.ca\/?post_type=product&#038;p=1226"},"modified":"2023-12-16T21:54:19","modified_gmt":"2023-12-17T03:54:19","slug":"spider-web","status":"publish","type":"product","link":"https:\/\/naturephotosdld.ca\/fr\/produit\/spider-web\/","title":{"rendered":"Toile d'araign\u00e9e"},"content":{"rendered":"<p>La ros\u00e9e matinale sur cette toile d'araign\u00e9e fait ressortir la complexit\u00e9 et pr\u00e9cision requise dans sa construction afin que l'araign\u00e9e puisse attraper son repas.<\/p>","protected":false},"excerpt":{"rendered":"<p>La ros\u00e9e matinale sur cette toile d'araign\u00e9e fait ressortir la complexit\u00e9 et pr\u00e9cision requise dans sa construction afin que l'araign\u00e9e puisse attraper son repas.<\/p>","protected":false},"featured_media":581,"comment_status":"closed","ping_status":"closed","template":"","meta":{"nf_dc_page":""},"product_cat":[47],"product_tag":[],"class_list":{"0":"post-1226","1":"product","2":"type-product","3":"status-publish","4":"has-post-thumbnail","6":"product_cat-invertebrates","8":"first","9":"instock","10":"shipping-taxable","11":"purchasable","12":"product-type-variable"},"_links":{"self":[{"href":"https:\/\/naturephotosdld.ca\/fr\/wp-json\/wp\/v2\/product\/1226"}],"collection":[{"href":"https:\/\/naturephotosdld.ca\/fr\/wp-json\/wp\/v2\/product"}],"about":[{"href":"https:\/\/naturephotosdld.ca\/fr\/wp-json\/wp\/v2\/types\/product"}],"replies":[{"embeddable":true,"href":"https:\/\/naturephotosdld.ca\/fr\/wp-json\/wp\/v2\/comments?post=1226"}],"version-history":[{"count":1,"href":"https:\/\/naturephotosdld.ca\/fr\/wp-json\/wp\/v2\/product\/1226\/revisions"}],"predecessor-version":[{"id":1230,"href":"https:\/\/naturephotosdld.ca\/fr\/wp-json\/wp\/v2\/product\/1226\/revisions\/1230"}],"wp:featuredmedia":[{"embeddable":true,"href":"https:\/\/naturephotosdld.ca\/fr\/wp-json\/wp\/v2\/media\/581"}],"wp:attachment":[{"href":"https:\/\/naturephotosdld.ca\/fr\/wp-json\/wp\/v2\/media?parent=1226"}],"wp:term":[{"taxonomy":"product_cat","embeddable":true,"href":"https:\/\/naturephotosdld.ca\/fr\/wp-json\/wp\/v2\/product_cat?post=1226"},{"taxonomy":"product_tag","embeddable":true,"href":"https:\/\/naturephotosdld.ca\/fr\/wp-json\/wp\/v2\/product_tag?post=1226"}],"curies":[{"name":"wp","href":"https:\/\/api.w.org\/{rel}","templated":true}]}}