{"id":1221,"date":"2023-12-09T16:01:22","date_gmt":"2023-12-09T16:01:22","guid":{"rendered":"https:\/\/naturephotosdld.ca\/?post_type=product&#038;p=1221"},"modified":"2023-12-16T21:55:35","modified_gmt":"2023-12-17T03:55:35","slug":"rocky-mountains","status":"publish","type":"product","link":"https:\/\/naturephotosdld.ca\/fr\/produit\/rocky-mountains\/","title":{"rendered":"Montagnes Rocheuses"},"content":{"rendered":"<p>Les majestueuses montagnes Rocheuses encadr\u00e9es entre le ciel bleu \u00e9clatant et un lac de couleur \u00e9meraude qui refl\u00e8te les pics recouverts de neige.<\/p>","protected":false},"excerpt":{"rendered":"<p>Les majestueuses montagnes Rocheuses encadr\u00e9es entre le ciel bleu \u00e9clatant et un lac de couleur \u00e9meraude qui refl\u00e8te les pics recouverts de neige.<\/p>","protected":false},"featured_media":580,"comment_status":"closed","ping_status":"closed","template":"","meta":{"nf_dc_page":""},"product_cat":[44],"product_tag":[],"class_list":{"0":"post-1221","1":"product","2":"type-product","3":"status-publish","4":"has-post-thumbnail","6":"product_cat-landscape","8":"first","9":"instock","10":"shipping-taxable","11":"purchasable","12":"product-type-variable"},"_links":{"self":[{"href":"https:\/\/naturephotosdld.ca\/fr\/wp-json\/wp\/v2\/product\/1221"}],"collection":[{"href":"https:\/\/naturephotosdld.ca\/fr\/wp-json\/wp\/v2\/product"}],"about":[{"href":"https:\/\/naturephotosdld.ca\/fr\/wp-json\/wp\/v2\/types\/product"}],"replies":[{"embeddable":true,"href":"https:\/\/naturephotosdld.ca\/fr\/wp-json\/wp\/v2\/comments?post=1221"}],"version-history":[{"count":2,"href":"https:\/\/naturephotosdld.ca\/fr\/wp-json\/wp\/v2\/product\/1221\/revisions"}],"predecessor-version":[{"id":1927,"href":"https:\/\/naturephotosdld.ca\/fr\/wp-json\/wp\/v2\/product\/1221\/revisions\/1927"}],"wp:featuredmedia":[{"embeddable":true,"href":"https:\/\/naturephotosdld.ca\/fr\/wp-json\/wp\/v2\/media\/580"}],"wp:attachment":[{"href":"https:\/\/naturephotosdld.ca\/fr\/wp-json\/wp\/v2\/media?parent=1221"}],"wp:term":[{"taxonomy":"product_cat","embeddable":true,"href":"https:\/\/naturephotosdld.ca\/fr\/wp-json\/wp\/v2\/product_cat?post=1221"},{"taxonomy":"product_tag","embeddable":true,"href":"https:\/\/naturephotosdld.ca\/fr\/wp-json\/wp\/v2\/product_tag?post=1221"}],"curies":[{"name":"wp","href":"https:\/\/api.w.org\/{rel}","templated":true}]}}