{"id":1216,"date":"2023-12-09T15:58:42","date_gmt":"2023-12-09T15:58:42","guid":{"rendered":"https:\/\/naturephotosdld.ca\/?post_type=product&#038;p=1216"},"modified":"2023-12-16T21:57:26","modified_gmt":"2023-12-17T03:57:26","slug":"red-maple","status":"publish","type":"product","link":"https:\/\/naturephotosdld.ca\/fr\/produit\/red-maple\/","title":{"rendered":"\u00c9rable rouge"},"content":{"rendered":"<p>Contrairement \u00e0 l'\u00c9rable \u00e0 sucre illustr\u00e9 sur le drapeau canadien qui a trois \u00e0 5 lobes distinctes, l'\u00c9rable rouge a g\u00e9n\u00e9ralement seulement trois lobes. Il se distingue aussi par le fait que la tige de la feuille devient rouge pendant l'automne. Les arbres perdent la couleur verte en automne quand la production du chlorophylle cesse lorsque la temp\u00e9rature baisse et les journ\u00e9es raccourcissent. Le glucose qui est pr\u00e9sent dans la feuille change de couleur \u00e0 cause des anthocyanines qui contient le pigment rouge. Source: Tree Canada<\/p>","protected":false},"excerpt":{"rendered":"<p>Unlike the Sugar Maple leaf found on the Canadian flag that has three to five distinct lobes, the Red Maple generally has three lobes. It is also distinguished by the fact that the leaf stem also turns red in the fall. Trees lose their green colour in the fall when the chlorophyll production stops due [&hellip;]<\/p>","protected":false},"featured_media":579,"comment_status":"closed","ping_status":"closed","template":"","meta":{"nf_dc_page":""},"product_cat":[46],"product_tag":[],"class_list":{"0":"post-1216","1":"product","2":"type-product","3":"status-publish","4":"has-post-thumbnail","6":"product_cat-forests-and-trees","8":"first","9":"instock","10":"shipping-taxable","11":"purchasable","12":"product-type-variable"},"_links":{"self":[{"href":"https:\/\/naturephotosdld.ca\/fr\/wp-json\/wp\/v2\/product\/1216"}],"collection":[{"href":"https:\/\/naturephotosdld.ca\/fr\/wp-json\/wp\/v2\/product"}],"about":[{"href":"https:\/\/naturephotosdld.ca\/fr\/wp-json\/wp\/v2\/types\/product"}],"replies":[{"embeddable":true,"href":"https:\/\/naturephotosdld.ca\/fr\/wp-json\/wp\/v2\/comments?post=1216"}],"version-history":[{"count":3,"href":"https:\/\/naturephotosdld.ca\/fr\/wp-json\/wp\/v2\/product\/1216\/revisions"}],"predecessor-version":[{"id":1933,"href":"https:\/\/naturephotosdld.ca\/fr\/wp-json\/wp\/v2\/product\/1216\/revisions\/1933"}],"wp:featuredmedia":[{"embeddable":true,"href":"https:\/\/naturephotosdld.ca\/fr\/wp-json\/wp\/v2\/media\/579"}],"wp:attachment":[{"href":"https:\/\/naturephotosdld.ca\/fr\/wp-json\/wp\/v2\/media?parent=1216"}],"wp:term":[{"taxonomy":"product_cat","embeddable":true,"href":"https:\/\/naturephotosdld.ca\/fr\/wp-json\/wp\/v2\/product_cat?post=1216"},{"taxonomy":"product_tag","embeddable":true,"href":"https:\/\/naturephotosdld.ca\/fr\/wp-json\/wp\/v2\/product_tag?post=1216"}],"curies":[{"name":"wp","href":"https:\/\/api.w.org\/{rel}","templated":true}]}}