{"id":1211,"date":"2023-12-09T15:57:01","date_gmt":"2023-12-09T15:57:01","guid":{"rendered":"https:\/\/naturephotosdld.ca\/?post_type=product&#038;p=1211"},"modified":"2023-12-16T21:59:29","modified_gmt":"2023-12-17T03:59:29","slug":"pitcher-plant","status":"publish","type":"product","link":"https:\/\/naturephotosdld.ca\/fr\/produit\/pitcher-plant\/","title":{"rendered":"Sarrac\u00e9niac\u00e9e"},"content":{"rendered":"<p>La Sarrac\u00e9niac\u00e9e est une plante carnivore qui est adapt\u00e9e pour attirer et dig\u00e9rer des insectes. Trouv\u00e9e dans des terres humides, sa feuille qui est en forme de pichet, est recouverte \u00e0 l'int\u00e9rieur de poils. Ceux-ci emp\u00eachent un insecte, attir\u00e9 par un liquide au fond du pichet, d'y ressortir.<\/p>","protected":false},"excerpt":{"rendered":"<p>La Sarrac\u00e9niac\u00e9e est une plante carnivore qui est adapt\u00e9e pour attirer et dig\u00e9rer des insectes. Trouv\u00e9e dans des terres humides, sa feuille qui est en forme de pichet, est recouverte \u00e0 l'int\u00e9rieur de poils. Ceux-ci emp\u00eachent un insecte, attir\u00e9 par un liquide au fond du pichet, d'y ressortir.<\/p>","protected":false},"featured_media":578,"comment_status":"closed","ping_status":"closed","template":"","meta":{"nf_dc_page":""},"product_cat":[45],"product_tag":[],"class_list":{"0":"post-1211","1":"product","2":"type-product","3":"status-publish","4":"has-post-thumbnail","6":"product_cat-wetlands","8":"first","9":"instock","10":"shipping-taxable","11":"purchasable","12":"product-type-variable"},"_links":{"self":[{"href":"https:\/\/naturephotosdld.ca\/fr\/wp-json\/wp\/v2\/product\/1211"}],"collection":[{"href":"https:\/\/naturephotosdld.ca\/fr\/wp-json\/wp\/v2\/product"}],"about":[{"href":"https:\/\/naturephotosdld.ca\/fr\/wp-json\/wp\/v2\/types\/product"}],"replies":[{"embeddable":true,"href":"https:\/\/naturephotosdld.ca\/fr\/wp-json\/wp\/v2\/comments?post=1211"}],"version-history":[{"count":1,"href":"https:\/\/naturephotosdld.ca\/fr\/wp-json\/wp\/v2\/product\/1211\/revisions"}],"predecessor-version":[{"id":1215,"href":"https:\/\/naturephotosdld.ca\/fr\/wp-json\/wp\/v2\/product\/1211\/revisions\/1215"}],"wp:featuredmedia":[{"embeddable":true,"href":"https:\/\/naturephotosdld.ca\/fr\/wp-json\/wp\/v2\/media\/578"}],"wp:attachment":[{"href":"https:\/\/naturephotosdld.ca\/fr\/wp-json\/wp\/v2\/media?parent=1211"}],"wp:term":[{"taxonomy":"product_cat","embeddable":true,"href":"https:\/\/naturephotosdld.ca\/fr\/wp-json\/wp\/v2\/product_cat?post=1211"},{"taxonomy":"product_tag","embeddable":true,"href":"https:\/\/naturephotosdld.ca\/fr\/wp-json\/wp\/v2\/product_tag?post=1211"}],"curies":[{"name":"wp","href":"https:\/\/api.w.org\/{rel}","templated":true}]}}