{"id":1196,"date":"2023-12-09T15:37:28","date_gmt":"2023-12-09T15:37:28","guid":{"rendered":"https:\/\/naturephotosdld.ca\/?post_type=product&#038;p=1196"},"modified":"2023-12-16T22:10:00","modified_gmt":"2023-12-17T04:10:00","slug":"new-england-aster","status":"publish","type":"product","link":"https:\/\/naturephotosdld.ca\/fr\/produit\/new-england-aster\/","title":{"rendered":"Aster de la Nouvelle-Angleterre"},"content":{"rendered":"<p>L'Aster de la Nouvelle-Angleterre est une vivace qui peut grandir jusqu'\u00e0 2 m\u00e8tres retrouv\u00e9e dans des champs ouverts. Un point fascinant est qu'elle peut avoir des centaines de fleurs. Ce que nous croyons \u00eatre des p\u00e9tales sont actuellement des fleurs individuelles, appel\u00e9es fleurs de rayons. Au centre de ces fleurs sur la t\u00eate sont d'autres fleurs individuelles. Regardez de plus pr\u00e8s pour voir les deux sortes de fleurs.<\/p>\n<p>Source: U.S. Forestry Service<\/p>","protected":false},"excerpt":{"rendered":"<p>The New England Aster is a perennial plant which can grow upto 6 feet in height, in open areas such as fields. A fascinating point about this plant is that it actually has upto hundreds of flowers.\u00a0 What we think are the petals are actually individual flowers, called ray flowers. In the middle of these [&hellip;]<\/p>","protected":false},"featured_media":575,"comment_status":"closed","ping_status":"closed","template":"","meta":{"nf_dc_page":""},"product_cat":[42],"product_tag":[],"class_list":{"0":"post-1196","1":"product","2":"type-product","3":"status-publish","4":"has-post-thumbnail","6":"product_cat-wildflowers","8":"first","9":"instock","10":"shipping-taxable","11":"purchasable","12":"product-type-variable"},"_links":{"self":[{"href":"https:\/\/naturephotosdld.ca\/fr\/wp-json\/wp\/v2\/product\/1196"}],"collection":[{"href":"https:\/\/naturephotosdld.ca\/fr\/wp-json\/wp\/v2\/product"}],"about":[{"href":"https:\/\/naturephotosdld.ca\/fr\/wp-json\/wp\/v2\/types\/product"}],"replies":[{"embeddable":true,"href":"https:\/\/naturephotosdld.ca\/fr\/wp-json\/wp\/v2\/comments?post=1196"}],"version-history":[{"count":3,"href":"https:\/\/naturephotosdld.ca\/fr\/wp-json\/wp\/v2\/product\/1196\/revisions"}],"predecessor-version":[{"id":1939,"href":"https:\/\/naturephotosdld.ca\/fr\/wp-json\/wp\/v2\/product\/1196\/revisions\/1939"}],"wp:featuredmedia":[{"embeddable":true,"href":"https:\/\/naturephotosdld.ca\/fr\/wp-json\/wp\/v2\/media\/575"}],"wp:attachment":[{"href":"https:\/\/naturephotosdld.ca\/fr\/wp-json\/wp\/v2\/media?parent=1196"}],"wp:term":[{"taxonomy":"product_cat","embeddable":true,"href":"https:\/\/naturephotosdld.ca\/fr\/wp-json\/wp\/v2\/product_cat?post=1196"},{"taxonomy":"product_tag","embeddable":true,"href":"https:\/\/naturephotosdld.ca\/fr\/wp-json\/wp\/v2\/product_tag?post=1196"}],"curies":[{"name":"wp","href":"https:\/\/api.w.org\/{rel}","templated":true}]}}