{"id":1191,"date":"2023-12-09T15:35:38","date_gmt":"2023-12-09T15:35:38","guid":{"rendered":"https:\/\/naturephotosdld.ca\/?post_type=product&#038;p=1191"},"modified":"2023-12-16T22:11:45","modified_gmt":"2023-12-17T04:11:45","slug":"muskrat","status":"publish","type":"product","link":"https:\/\/naturephotosdld.ca\/fr\/produit\/muskrat\/","title":{"rendered":"Rat musqu\u00e9"},"content":{"rendered":"<p>Semblable \u00e0 un castor, le rat musqu\u00e9 a une queue mince et longue, au lieu de large et aplatie. Il mange des plantes aquatiques et ne construit pas un barrage pour retenir l'eau comme le fait les castors.<\/p>","protected":false},"excerpt":{"rendered":"<p>Semblable \u00e0 un castor, le rat musqu\u00e9 a une queue mince et longue, au lieu de large et aplatie. Il mange des plantes aquatiques et ne construit pas un barrage pour retenir l'eau comme le fait les castors.<\/p>","protected":false},"featured_media":574,"comment_status":"closed","ping_status":"closed","template":"","meta":{"nf_dc_page":""},"product_cat":[45],"product_tag":[],"class_list":{"0":"post-1191","1":"product","2":"type-product","3":"status-publish","4":"has-post-thumbnail","6":"product_cat-wetlands","8":"first","9":"instock","10":"shipping-taxable","11":"purchasable","12":"product-type-variable"},"_links":{"self":[{"href":"https:\/\/naturephotosdld.ca\/fr\/wp-json\/wp\/v2\/product\/1191"}],"collection":[{"href":"https:\/\/naturephotosdld.ca\/fr\/wp-json\/wp\/v2\/product"}],"about":[{"href":"https:\/\/naturephotosdld.ca\/fr\/wp-json\/wp\/v2\/types\/product"}],"replies":[{"embeddable":true,"href":"https:\/\/naturephotosdld.ca\/fr\/wp-json\/wp\/v2\/comments?post=1191"}],"version-history":[{"count":1,"href":"https:\/\/naturephotosdld.ca\/fr\/wp-json\/wp\/v2\/product\/1191\/revisions"}],"predecessor-version":[{"id":1195,"href":"https:\/\/naturephotosdld.ca\/fr\/wp-json\/wp\/v2\/product\/1191\/revisions\/1195"}],"wp:featuredmedia":[{"embeddable":true,"href":"https:\/\/naturephotosdld.ca\/fr\/wp-json\/wp\/v2\/media\/574"}],"wp:attachment":[{"href":"https:\/\/naturephotosdld.ca\/fr\/wp-json\/wp\/v2\/media?parent=1191"}],"wp:term":[{"taxonomy":"product_cat","embeddable":true,"href":"https:\/\/naturephotosdld.ca\/fr\/wp-json\/wp\/v2\/product_cat?post=1191"},{"taxonomy":"product_tag","embeddable":true,"href":"https:\/\/naturephotosdld.ca\/fr\/wp-json\/wp\/v2\/product_tag?post=1191"}],"curies":[{"name":"wp","href":"https:\/\/api.w.org\/{rel}","templated":true}]}}