{"id":1181,"date":"2023-12-09T15:24:58","date_gmt":"2023-12-09T15:24:58","guid":{"rendered":"https:\/\/naturephotosdld.ca\/?post_type=product&#038;p=1181"},"modified":"2023-12-16T22:13:12","modified_gmt":"2023-12-17T04:13:12","slug":"frosted-conifers","status":"publish","type":"product","link":"https:\/\/naturephotosdld.ca\/fr\/produit\/frosted-conifers\/","title":{"rendered":"Conif\u00e8res givr\u00e9s"},"content":{"rendered":"<p>La plupart des conif\u00e8res gardent leurs aiguilles \u00e0 l'ann\u00e9e longue ce qui a produit cette magnifique sc\u00e8ne un beau matin d'hiver froid!<\/p>","protected":false},"excerpt":{"rendered":"<p>La plupart des conif\u00e8res gardent leurs aiguilles \u00e0 l'ann\u00e9e longue ce qui a produit cette magnifique sc\u00e8ne un beau matin d'hiver froid!<\/p>","protected":false},"featured_media":572,"comment_status":"closed","ping_status":"closed","template":"","meta":{"nf_dc_page":""},"product_cat":[46],"product_tag":[],"class_list":{"0":"post-1181","1":"product","2":"type-product","3":"status-publish","4":"has-post-thumbnail","6":"product_cat-forests-and-trees","8":"first","9":"instock","10":"shipping-taxable","11":"purchasable","12":"product-type-variable"},"_links":{"self":[{"href":"https:\/\/naturephotosdld.ca\/fr\/wp-json\/wp\/v2\/product\/1181"}],"collection":[{"href":"https:\/\/naturephotosdld.ca\/fr\/wp-json\/wp\/v2\/product"}],"about":[{"href":"https:\/\/naturephotosdld.ca\/fr\/wp-json\/wp\/v2\/types\/product"}],"replies":[{"embeddable":true,"href":"https:\/\/naturephotosdld.ca\/fr\/wp-json\/wp\/v2\/comments?post=1181"}],"version-history":[{"count":2,"href":"https:\/\/naturephotosdld.ca\/fr\/wp-json\/wp\/v2\/product\/1181\/revisions"}],"predecessor-version":[{"id":1974,"href":"https:\/\/naturephotosdld.ca\/fr\/wp-json\/wp\/v2\/product\/1181\/revisions\/1974"}],"wp:featuredmedia":[{"embeddable":true,"href":"https:\/\/naturephotosdld.ca\/fr\/wp-json\/wp\/v2\/media\/572"}],"wp:attachment":[{"href":"https:\/\/naturephotosdld.ca\/fr\/wp-json\/wp\/v2\/media?parent=1181"}],"wp:term":[{"taxonomy":"product_cat","embeddable":true,"href":"https:\/\/naturephotosdld.ca\/fr\/wp-json\/wp\/v2\/product_cat?post=1181"},{"taxonomy":"product_tag","embeddable":true,"href":"https:\/\/naturephotosdld.ca\/fr\/wp-json\/wp\/v2\/product_tag?post=1181"}],"curies":[{"name":"wp","href":"https:\/\/api.w.org\/{rel}","templated":true}]}}