{"id":1175,"date":"2023-12-09T15:21:50","date_gmt":"2023-12-09T15:21:50","guid":{"rendered":"https:\/\/naturephotosdld.ca\/?post_type=product&#038;p=1175"},"modified":"2023-12-16T22:14:23","modified_gmt":"2023-12-17T04:14:23","slug":"fireweed-foliage","status":"publish","type":"product","link":"https:\/\/naturephotosdld.ca\/fr\/produit\/fireweed-foliage\/","title":{"rendered":"Feuillage de l\u2019\u00c9pilobe"},"content":{"rendered":"<p>L'\u00c9pilobe est une fleur commune retrouv\u00e9e dans des bois ouverts dans l'Ouest canadien. Elle est une des premi\u00e8res plantes \u00e0 s'\u00e9tablir apr\u00e8s un feu de for\u00eat.  Son feuillage d'automne produit une belle vari\u00e9t\u00e9 de couleurs.<\/p>","protected":false},"excerpt":{"rendered":"<p>L'\u00c9pilobe est une fleur commune retrouv\u00e9e dans des bois ouverts dans l'Ouest canadien. Elle est une des premi\u00e8res plantes \u00e0 s'\u00e9tablir apr\u00e8s un feu de for\u00eat.  Son feuillage d'automne produit une belle vari\u00e9t\u00e9 de couleurs.<\/p>","protected":false},"featured_media":571,"comment_status":"closed","ping_status":"closed","template":"","meta":{"nf_dc_page":""},"product_cat":[42],"product_tag":[],"class_list":{"0":"post-1175","1":"product","2":"type-product","3":"status-publish","4":"has-post-thumbnail","6":"product_cat-wildflowers","8":"first","9":"instock","10":"shipping-taxable","11":"purchasable","12":"product-type-variable"},"_links":{"self":[{"href":"https:\/\/naturephotosdld.ca\/fr\/wp-json\/wp\/v2\/product\/1175"}],"collection":[{"href":"https:\/\/naturephotosdld.ca\/fr\/wp-json\/wp\/v2\/product"}],"about":[{"href":"https:\/\/naturephotosdld.ca\/fr\/wp-json\/wp\/v2\/types\/product"}],"replies":[{"embeddable":true,"href":"https:\/\/naturephotosdld.ca\/fr\/wp-json\/wp\/v2\/comments?post=1175"}],"version-history":[{"count":1,"href":"https:\/\/naturephotosdld.ca\/fr\/wp-json\/wp\/v2\/product\/1175\/revisions"}],"predecessor-version":[{"id":1179,"href":"https:\/\/naturephotosdld.ca\/fr\/wp-json\/wp\/v2\/product\/1175\/revisions\/1179"}],"wp:featuredmedia":[{"embeddable":true,"href":"https:\/\/naturephotosdld.ca\/fr\/wp-json\/wp\/v2\/media\/571"}],"wp:attachment":[{"href":"https:\/\/naturephotosdld.ca\/fr\/wp-json\/wp\/v2\/media?parent=1175"}],"wp:term":[{"taxonomy":"product_cat","embeddable":true,"href":"https:\/\/naturephotosdld.ca\/fr\/wp-json\/wp\/v2\/product_cat?post=1175"},{"taxonomy":"product_tag","embeddable":true,"href":"https:\/\/naturephotosdld.ca\/fr\/wp-json\/wp\/v2\/product_tag?post=1175"}],"curies":[{"name":"wp","href":"https:\/\/api.w.org\/{rel}","templated":true}]}}