{"id":1165,"date":"2023-12-09T15:11:15","date_gmt":"2023-12-09T15:11:15","guid":{"rendered":"https:\/\/naturephotosdld.ca\/?post_type=product&#038;p=1165"},"modified":"2023-12-16T22:16:50","modified_gmt":"2023-12-17T04:16:50","slug":"crystallized-larch-cones","status":"publish","type":"product","link":"https:\/\/naturephotosdld.ca\/fr\/produit\/crystallized-larch-cones\/","title":{"rendered":"C\u00f4nes de m\u00e9l\u00e8ze cristallis\u00e9s"},"content":{"rendered":"<p>Le m\u00e9l\u00e8ze est un conif\u00e8re feuillu, qui contrairement \u00e0 la majorit\u00e9 des conif\u00e8res, perd ses aiguilles (qui deviennent jaune vif) \u00e0 l'automne. Les branchus nues et les c\u00f4nes sont recouverts dans cette photo par de jolis cristaux cr\u00e9es par une baisse soudaine de la temp\u00e9rature.<\/p>","protected":false},"excerpt":{"rendered":"<p>Le m\u00e9l\u00e8ze est un conif\u00e8re feuillu, qui contrairement \u00e0 la majorit\u00e9 des conif\u00e8res, perd ses aiguilles (qui deviennent jaune vif) \u00e0 l'automne. Les branchus nues et les c\u00f4nes sont recouverts dans cette photo par de jolis cristaux cr\u00e9es par une baisse soudaine de la temp\u00e9rature.<\/p>","protected":false},"featured_media":569,"comment_status":"closed","ping_status":"closed","template":"","meta":{"nf_dc_page":""},"product_cat":[46],"product_tag":[],"class_list":{"0":"post-1165","1":"product","2":"type-product","3":"status-publish","4":"has-post-thumbnail","6":"product_cat-forests-and-trees","8":"first","9":"instock","10":"shipping-taxable","11":"purchasable","12":"product-type-variable"},"_links":{"self":[{"href":"https:\/\/naturephotosdld.ca\/fr\/wp-json\/wp\/v2\/product\/1165"}],"collection":[{"href":"https:\/\/naturephotosdld.ca\/fr\/wp-json\/wp\/v2\/product"}],"about":[{"href":"https:\/\/naturephotosdld.ca\/fr\/wp-json\/wp\/v2\/types\/product"}],"replies":[{"embeddable":true,"href":"https:\/\/naturephotosdld.ca\/fr\/wp-json\/wp\/v2\/comments?post=1165"}],"version-history":[{"count":3,"href":"https:\/\/naturephotosdld.ca\/fr\/wp-json\/wp\/v2\/product\/1165\/revisions"}],"predecessor-version":[{"id":1929,"href":"https:\/\/naturephotosdld.ca\/fr\/wp-json\/wp\/v2\/product\/1165\/revisions\/1929"}],"wp:featuredmedia":[{"embeddable":true,"href":"https:\/\/naturephotosdld.ca\/fr\/wp-json\/wp\/v2\/media\/569"}],"wp:attachment":[{"href":"https:\/\/naturephotosdld.ca\/fr\/wp-json\/wp\/v2\/media?parent=1165"}],"wp:term":[{"taxonomy":"product_cat","embeddable":true,"href":"https:\/\/naturephotosdld.ca\/fr\/wp-json\/wp\/v2\/product_cat?post=1165"},{"taxonomy":"product_tag","embeddable":true,"href":"https:\/\/naturephotosdld.ca\/fr\/wp-json\/wp\/v2\/product_tag?post=1165"}],"curies":[{"name":"wp","href":"https:\/\/api.w.org\/{rel}","templated":true}]}}