{"id":1160,"date":"2023-12-09T15:08:31","date_gmt":"2023-12-09T15:08:31","guid":{"rendered":"https:\/\/naturephotosdld.ca\/?post_type=product&#038;p=1160"},"modified":"2023-12-16T22:18:25","modified_gmt":"2023-12-17T04:18:25","slug":"common-loon","status":"publish","type":"product","link":"https:\/\/naturephotosdld.ca\/fr\/produit\/common-loon\/","title":{"rendered":"Huard \u00e0 collier"},"content":{"rendered":"<p>Le huard est un plongeur retrouv\u00e9 \u00e0 travers le Canada. Leurs os sont solides et non creux comme d'autres oiseaux, ce qui les permet de plonger dans l'eau \u00e0 la recherche de poissons. Ils sont facilement reconnu par leur chant m\u00e9lancolique et la coloration distincte de la t\u00eate, cou et dos. Il peut vivre de 15 \u00e0 30 ans.<\/p>","protected":false},"excerpt":{"rendered":"<p>Le huard est un plongeur retrouv\u00e9 \u00e0 travers le Canada. Leurs os sont solides et non creux comme d'autres oiseaux, ce qui les permet de plonger dans l'eau \u00e0 la recherche de poissons. Ils sont facilement reconnu par leur chant m\u00e9lancolique et la coloration distincte de la t\u00eate, cou et dos. Il peut vivre de 15 \u00e0 30 ans.<\/p>","protected":false},"featured_media":568,"comment_status":"closed","ping_status":"closed","template":"","meta":{"nf_dc_page":""},"product_cat":[45],"product_tag":[],"class_list":{"0":"post-1160","1":"product","2":"type-product","3":"status-publish","4":"has-post-thumbnail","6":"product_cat-wetlands","8":"first","9":"instock","10":"shipping-taxable","11":"purchasable","12":"product-type-variable"},"_links":{"self":[{"href":"https:\/\/naturephotosdld.ca\/fr\/wp-json\/wp\/v2\/product\/1160"}],"collection":[{"href":"https:\/\/naturephotosdld.ca\/fr\/wp-json\/wp\/v2\/product"}],"about":[{"href":"https:\/\/naturephotosdld.ca\/fr\/wp-json\/wp\/v2\/types\/product"}],"replies":[{"embeddable":true,"href":"https:\/\/naturephotosdld.ca\/fr\/wp-json\/wp\/v2\/comments?post=1160"}],"version-history":[{"count":1,"href":"https:\/\/naturephotosdld.ca\/fr\/wp-json\/wp\/v2\/product\/1160\/revisions"}],"predecessor-version":[{"id":1164,"href":"https:\/\/naturephotosdld.ca\/fr\/wp-json\/wp\/v2\/product\/1160\/revisions\/1164"}],"wp:featuredmedia":[{"embeddable":true,"href":"https:\/\/naturephotosdld.ca\/fr\/wp-json\/wp\/v2\/media\/568"}],"wp:attachment":[{"href":"https:\/\/naturephotosdld.ca\/fr\/wp-json\/wp\/v2\/media?parent=1160"}],"wp:term":[{"taxonomy":"product_cat","embeddable":true,"href":"https:\/\/naturephotosdld.ca\/fr\/wp-json\/wp\/v2\/product_cat?post=1160"},{"taxonomy":"product_tag","embeddable":true,"href":"https:\/\/naturephotosdld.ca\/fr\/wp-json\/wp\/v2\/product_tag?post=1160"}],"curies":[{"name":"wp","href":"https:\/\/api.w.org\/{rel}","templated":true}]}}