{"id":1155,"date":"2023-12-09T15:06:18","date_gmt":"2023-12-09T15:06:18","guid":{"rendered":"https:\/\/naturephotosdld.ca\/?post_type=product&#038;p=1155"},"modified":"2023-12-16T22:19:38","modified_gmt":"2023-12-17T04:19:38","slug":"canoes-at-tuktoyaktuk","status":"publish","type":"product","link":"https:\/\/naturephotosdld.ca\/fr\/produit\/canoes-at-tuktoyaktuk\/","title":{"rendered":"Canots \u00e0  Tuktoyaktuk"},"content":{"rendered":"<p>Tuktoyaktuk est un petit village de p\u00eacheurs situ\u00e9 au bord de l'oc\u00e9an Arctique dans les Territoires du Nord-Ouest. Ce canot de deux couleurs se distingue des plus communs qui sont habituellement uniform\u00e9ment rouge ou vert.<\/p>","protected":false},"excerpt":{"rendered":"<p>Tuktoyaktuk est un petit village de p\u00eacheurs situ\u00e9 au bord de l'oc\u00e9an Arctique dans les Territoires du Nord-Ouest. Ce canot de deux couleurs se distingue des plus communs qui sont habituellement uniform\u00e9ment rouge ou vert.<\/p>","protected":false},"featured_media":567,"comment_status":"closed","ping_status":"closed","template":"","meta":{"nf_dc_page":""},"product_cat":[44],"product_tag":[],"class_list":{"0":"post-1155","1":"product","2":"type-product","3":"status-publish","4":"has-post-thumbnail","6":"product_cat-landscape","8":"first","9":"instock","10":"shipping-taxable","11":"purchasable","12":"product-type-variable"},"_links":{"self":[{"href":"https:\/\/naturephotosdld.ca\/fr\/wp-json\/wp\/v2\/product\/1155"}],"collection":[{"href":"https:\/\/naturephotosdld.ca\/fr\/wp-json\/wp\/v2\/product"}],"about":[{"href":"https:\/\/naturephotosdld.ca\/fr\/wp-json\/wp\/v2\/types\/product"}],"replies":[{"embeddable":true,"href":"https:\/\/naturephotosdld.ca\/fr\/wp-json\/wp\/v2\/comments?post=1155"}],"version-history":[{"count":1,"href":"https:\/\/naturephotosdld.ca\/fr\/wp-json\/wp\/v2\/product\/1155\/revisions"}],"predecessor-version":[{"id":1159,"href":"https:\/\/naturephotosdld.ca\/fr\/wp-json\/wp\/v2\/product\/1155\/revisions\/1159"}],"wp:featuredmedia":[{"embeddable":true,"href":"https:\/\/naturephotosdld.ca\/fr\/wp-json\/wp\/v2\/media\/567"}],"wp:attachment":[{"href":"https:\/\/naturephotosdld.ca\/fr\/wp-json\/wp\/v2\/media?parent=1155"}],"wp:term":[{"taxonomy":"product_cat","embeddable":true,"href":"https:\/\/naturephotosdld.ca\/fr\/wp-json\/wp\/v2\/product_cat?post=1155"},{"taxonomy":"product_tag","embeddable":true,"href":"https:\/\/naturephotosdld.ca\/fr\/wp-json\/wp\/v2\/product_tag?post=1155"}],"curies":[{"name":"wp","href":"https:\/\/api.w.org\/{rel}","templated":true}]}}