{"id":1145,"date":"2023-12-09T14:52:35","date_gmt":"2023-12-09T14:52:35","guid":{"rendered":"https:\/\/naturephotosdld.ca\/?post_type=product&#038;p=1145"},"modified":"2023-12-16T22:22:34","modified_gmt":"2023-12-17T04:22:34","slug":"cable-anchor","status":"publish","type":"product","link":"https:\/\/naturephotosdld.ca\/fr\/produit\/cable-anchor\/","title":{"rendered":"Ancre de c\u00e2ble"},"content":{"rendered":"<p>Cet ancre, qui malgr\u00e9 son apparence n'est pas plus large qu'une orange, fut trouv\u00e9 sur le bord d'une rivi\u00e8re au nord de la Colombie-Britannique. Je crois qu'il servait \u00e0 un temps pour  retenir un c\u00e2ble de t\u00e9l\u00e9communications.<\/p>","protected":false},"excerpt":{"rendered":"<p>Cet ancre, qui malgr\u00e9 son apparence n'est pas plus large qu'une orange, fut trouv\u00e9 sur le bord d'une rivi\u00e8re au nord de la Colombie-Britannique. Je crois qu'il servait \u00e0 un temps pour  retenir un c\u00e2ble de t\u00e9l\u00e9communications.<\/p>","protected":false},"featured_media":565,"comment_status":"closed","ping_status":"closed","template":"","meta":{"nf_dc_page":""},"product_cat":[44],"product_tag":[],"class_list":{"0":"post-1145","1":"product","2":"type-product","3":"status-publish","4":"has-post-thumbnail","6":"product_cat-landscape","8":"first","9":"instock","10":"shipping-taxable","11":"purchasable","12":"product-type-variable"},"_links":{"self":[{"href":"https:\/\/naturephotosdld.ca\/fr\/wp-json\/wp\/v2\/product\/1145"}],"collection":[{"href":"https:\/\/naturephotosdld.ca\/fr\/wp-json\/wp\/v2\/product"}],"about":[{"href":"https:\/\/naturephotosdld.ca\/fr\/wp-json\/wp\/v2\/types\/product"}],"replies":[{"embeddable":true,"href":"https:\/\/naturephotosdld.ca\/fr\/wp-json\/wp\/v2\/comments?post=1145"}],"version-history":[{"count":1,"href":"https:\/\/naturephotosdld.ca\/fr\/wp-json\/wp\/v2\/product\/1145\/revisions"}],"predecessor-version":[{"id":1149,"href":"https:\/\/naturephotosdld.ca\/fr\/wp-json\/wp\/v2\/product\/1145\/revisions\/1149"}],"wp:featuredmedia":[{"embeddable":true,"href":"https:\/\/naturephotosdld.ca\/fr\/wp-json\/wp\/v2\/media\/565"}],"wp:attachment":[{"href":"https:\/\/naturephotosdld.ca\/fr\/wp-json\/wp\/v2\/media?parent=1145"}],"wp:term":[{"taxonomy":"product_cat","embeddable":true,"href":"https:\/\/naturephotosdld.ca\/fr\/wp-json\/wp\/v2\/product_cat?post=1145"},{"taxonomy":"product_tag","embeddable":true,"href":"https:\/\/naturephotosdld.ca\/fr\/wp-json\/wp\/v2\/product_tag?post=1145"}],"curies":[{"name":"wp","href":"https:\/\/api.w.org\/{rel}","templated":true}]}}