{"id":1140,"date":"2023-12-09T14:49:42","date_gmt":"2023-12-09T14:49:42","guid":{"rendered":"https:\/\/naturephotosdld.ca\/?post_type=product&#038;p=1140"},"modified":"2023-12-16T22:23:56","modified_gmt":"2023-12-17T04:23:56","slug":"bonaparte-gulls","status":"publish","type":"product","link":"https:\/\/naturephotosdld.ca\/fr\/produit\/bonaparte-gulls\/","title":{"rendered":"Mouettes de Bonaparte"},"content":{"rendered":"<p>Un plus petit go\u00e9land, la Mouette de Bonaparte font leurs nids dans des conif\u00e8res pr\u00e8s de l'eau, dans les r\u00e9gions nord de l'Am\u00e9rique du Nord. Elles se nourrissent de poissons et d'insectes. La t\u00eate devient noire lorsque l'oiseau est en p\u00e9riode de reproduction, comme l'on peut voir dans cette photo prise au Parc national Elk Island en Alberta.<\/p>","protected":false},"excerpt":{"rendered":"<p>Un plus petit go\u00e9land, la Mouette de Bonaparte font leurs nids dans des conif\u00e8res pr\u00e8s de l'eau, dans les r\u00e9gions nord de l'Am\u00e9rique du Nord. Elles se nourrissent de poissons et d'insectes. La t\u00eate devient noire lorsque l'oiseau est en p\u00e9riode de reproduction, comme l'on peut voir dans cette photo prise au Parc national Elk Island en Alberta.<\/p>","protected":false},"featured_media":564,"comment_status":"closed","ping_status":"closed","template":"","meta":{"nf_dc_page":""},"product_cat":[45],"product_tag":[],"class_list":{"0":"post-1140","1":"product","2":"type-product","3":"status-publish","4":"has-post-thumbnail","6":"product_cat-wetlands","8":"first","9":"instock","10":"shipping-taxable","11":"purchasable","12":"product-type-variable"},"_links":{"self":[{"href":"https:\/\/naturephotosdld.ca\/fr\/wp-json\/wp\/v2\/product\/1140"}],"collection":[{"href":"https:\/\/naturephotosdld.ca\/fr\/wp-json\/wp\/v2\/product"}],"about":[{"href":"https:\/\/naturephotosdld.ca\/fr\/wp-json\/wp\/v2\/types\/product"}],"replies":[{"embeddable":true,"href":"https:\/\/naturephotosdld.ca\/fr\/wp-json\/wp\/v2\/comments?post=1140"}],"version-history":[{"count":3,"href":"https:\/\/naturephotosdld.ca\/fr\/wp-json\/wp\/v2\/product\/1140\/revisions"}],"predecessor-version":[{"id":1941,"href":"https:\/\/naturephotosdld.ca\/fr\/wp-json\/wp\/v2\/product\/1140\/revisions\/1941"}],"wp:featuredmedia":[{"embeddable":true,"href":"https:\/\/naturephotosdld.ca\/fr\/wp-json\/wp\/v2\/media\/564"}],"wp:attachment":[{"href":"https:\/\/naturephotosdld.ca\/fr\/wp-json\/wp\/v2\/media?parent=1140"}],"wp:term":[{"taxonomy":"product_cat","embeddable":true,"href":"https:\/\/naturephotosdld.ca\/fr\/wp-json\/wp\/v2\/product_cat?post=1140"},{"taxonomy":"product_tag","embeddable":true,"href":"https:\/\/naturephotosdld.ca\/fr\/wp-json\/wp\/v2\/product_tag?post=1140"}],"curies":[{"name":"wp","href":"https:\/\/api.w.org\/{rel}","templated":true}]}}