{"id":1135,"date":"2023-12-09T13:54:48","date_gmt":"2023-12-09T13:54:48","guid":{"rendered":"https:\/\/naturephotosdld.ca\/?post_type=product&#038;p=1135"},"modified":"2023-12-16T22:25:07","modified_gmt":"2023-12-17T04:25:07","slug":"arrowhead","status":"publish","type":"product","link":"https:\/\/naturephotosdld.ca\/fr\/produit\/arrowhead\/","title":{"rendered":"Sagittaire \u00e0 larges feuilles"},"content":{"rendered":"<p>Une plante aquatique ayant des feuilles en forme de fl\u00e8che et dont les racines \u00e9taient une source de nourriture pour les peuples autochtones.<\/p>","protected":false},"excerpt":{"rendered":"<p>Une plante aquatique ayant des feuilles en forme de fl\u00e8che et dont les racines \u00e9taient une source de nourriture pour les peuples autochtones.<\/p>","protected":false},"featured_media":563,"comment_status":"closed","ping_status":"closed","template":"","meta":{"nf_dc_page":""},"product_cat":[45],"product_tag":[],"class_list":{"0":"post-1135","1":"product","2":"type-product","3":"status-publish","4":"has-post-thumbnail","6":"product_cat-wetlands","8":"first","9":"instock","10":"shipping-taxable","11":"purchasable","12":"product-type-variable"},"_links":{"self":[{"href":"https:\/\/naturephotosdld.ca\/fr\/wp-json\/wp\/v2\/product\/1135"}],"collection":[{"href":"https:\/\/naturephotosdld.ca\/fr\/wp-json\/wp\/v2\/product"}],"about":[{"href":"https:\/\/naturephotosdld.ca\/fr\/wp-json\/wp\/v2\/types\/product"}],"replies":[{"embeddable":true,"href":"https:\/\/naturephotosdld.ca\/fr\/wp-json\/wp\/v2\/comments?post=1135"}],"version-history":[{"count":3,"href":"https:\/\/naturephotosdld.ca\/fr\/wp-json\/wp\/v2\/product\/1135\/revisions"}],"predecessor-version":[{"id":1917,"href":"https:\/\/naturephotosdld.ca\/fr\/wp-json\/wp\/v2\/product\/1135\/revisions\/1917"}],"wp:featuredmedia":[{"embeddable":true,"href":"https:\/\/naturephotosdld.ca\/fr\/wp-json\/wp\/v2\/media\/563"}],"wp:attachment":[{"href":"https:\/\/naturephotosdld.ca\/fr\/wp-json\/wp\/v2\/media?parent=1135"}],"wp:term":[{"taxonomy":"product_cat","embeddable":true,"href":"https:\/\/naturephotosdld.ca\/fr\/wp-json\/wp\/v2\/product_cat?post=1135"},{"taxonomy":"product_tag","embeddable":true,"href":"https:\/\/naturephotosdld.ca\/fr\/wp-json\/wp\/v2\/product_tag?post=1135"}],"curies":[{"name":"wp","href":"https:\/\/api.w.org\/{rel}","templated":true}]}}