{"id":58,"date":"2023-11-19T23:52:56","date_gmt":"2023-11-19T23:52:56","guid":{"rendered":"https:\/\/naturephotosdld.ca\/?page_id=58"},"modified":"2024-02-06T18:02:36","modified_gmt":"2024-02-07T00:02:36","slug":"about","status":"publish","type":"page","link":"https:\/\/naturephotosdld.ca\/fr\/about\/","title":{"rendered":"Qui suis-je"},"content":{"rendered":"<div data-elementor-type=\"wp-page\" data-elementor-id=\"58\" class=\"elementor elementor-58\">\n\t\t\t\t<div class=\"elementor-element elementor-element-5a08db0b e-flex e-con-boxed e-con e-parent\" data-id=\"5a08db0b\" data-element_type=\"container\">\n\t\t\t\t\t<div class=\"e-con-inner\">\n\t\t\t\t<div class=\"elementor-element elementor-element-60392dc elementor-widget elementor-widget-spacer\" data-id=\"60392dc\" data-element_type=\"widget\" data-widget_type=\"spacer.default\">\n\t\t\t\t<div class=\"elementor-widget-container\">\n\t\t\t\t\t<div class=\"elementor-spacer\">\n\t\t\t<div class=\"elementor-spacer-inner\"><\/div>\n\t\t<\/div>\n\t\t\t\t<\/div>\n\t\t\t\t<\/div>\n\t\t\t\t<div class=\"elementor-element elementor-element-7e03891 elementor-widget elementor-widget-heading\" data-id=\"7e03891\" data-element_type=\"widget\" data-widget_type=\"heading.default\">\n\t\t\t\t<div class=\"elementor-widget-container\">\n\t\t\t<h1 class=\"elementor-heading-title elementor-size-default\">Qui suis-je<\/h1>\t\t<\/div>\n\t\t\t\t<\/div>\n\t\t\t\t<div class=\"elementor-element elementor-element-4a531bb5 elementor-widget__width-initial elementor-widget elementor-widget-text-editor\" data-id=\"4a531bb5\" data-element_type=\"widget\" data-widget_type=\"text-editor.default\">\n\t\t\t\t<div class=\"elementor-widget-container\">\n\t\t\t\t\t\t\t<p><!-- wp:paragraph --><\/p>\n<p class=\"\">Bonjour!<\/p>\n<p><!-- \/wp:paragraph --><!-- wp:paragraph --><\/p>\n<p class=\"\">Mon nom est Denise Lauzon Dempsey et je suis une photographe et naturaliste qui veut vous encourager de prendre le temps d'appr\u00e9cier l'environnement naturel qui vous entoure, que ce soit dans votre cour, un parc urbain, ou un endroit naturel plus lointain. Francophone originaire de la r\u00e9gion de la Baie Georgienne en Ontario, et r\u00e9sidente d'Edmonton en Alberta depuis longtemps, j'ai eu le plaisir d'explorer et de photographier mes sujets dans plusieurs r\u00e9gions du Canada.<\/p>\n<p><!-- \/wp:paragraph --><!-- wp:paragraph --><\/p>\n<p class=\"\">Mon int\u00e9r\u00eat pour la photographie s\u2019est d\u00e9velopp\u00e9 pendant que je poursuivais mes \u00e9tudes universitaires en sciences biologiques et o\u00f9 le monde des invert\u00e9br\u00e9s attira mon attention. Depuis ce temps, j'ai travaill\u00e9 dans le domaine de l'\u00e9ducation pour la conservation de l'environnement aupr\u00e8s des enfants et des adultes. Ma passion grandissante pour la photographie engendre une cr\u00e9ativit\u00e9 florissante dans ma fa\u00e7on de voir et de pr\u00e9senter la nature.<\/p>\n<p><!-- \/wp:paragraph --><!-- wp:paragraph --><\/p>\n<p class=\"\">J'esp\u00e8re que vous allez appr\u00e9cier les photos qui se trouvent sur les pages galerie et boutique, ainsi que mes blogs sur la nature. Les photos sont disponibles pour acheter en format num\u00e9rique, impression ou carte de souhait.<\/p>\n<p><!-- \/wp:paragraph --><!-- wp:paragraph --><\/p>\n<p><!-- \/wp:paragraph --><!-- wp:paragraph --><\/p>\n<p><!-- \/wp:paragraph --><\/p>\t\t\t\t\t\t<\/div>\n\t\t\t\t<\/div>\n\t\t\t\t\t<\/div>\n\t\t\t\t<\/div>\n\t\t<div class=\"elementor-element elementor-element-6d4e51a e-flex e-con-boxed e-con e-parent\" data-id=\"6d4e51a\" data-element_type=\"container\">\n\t\t\t\t\t<div class=\"e-con-inner\">\n\t\t\t\t<div class=\"elementor-element elementor-element-fb541e3 elementor-widget__width-initial elementor-widget-tablet__width-initial elementor-widget-mobile__width-initial elementor-widget elementor-widget-image\" data-id=\"fb541e3\" data-element_type=\"widget\" data-widget_type=\"image.default\">\n\t\t\t\t<div class=\"elementor-widget-container\">\n\t\t\t\t\t\t\t\t\t\t\t\t\t<img fetchpriority=\"high\" decoding=\"async\" width=\"800\" height=\"825\" src=\"https:\/\/naturephotosdld.ca\/wp-content\/uploads\/2023\/11\/Photos-Bio-business-2-993x1024.jpg\" class=\"attachment-large size-large wp-image-210\" alt=\"Photos-Bio-business (2)\" srcset=\"https:\/\/naturephotosdld.ca\/wp-content\/uploads\/2023\/11\/Photos-Bio-business-2-993x1024.jpg 993w, https:\/\/naturephotosdld.ca\/wp-content\/uploads\/2023\/11\/Photos-Bio-business-2-350x361.jpg 350w, https:\/\/naturephotosdld.ca\/wp-content\/uploads\/2023\/11\/Photos-Bio-business-2-600x619.jpg 600w, https:\/\/naturephotosdld.ca\/wp-content\/uploads\/2023\/11\/Photos-Bio-business-2-291x300.jpg 291w, https:\/\/naturephotosdld.ca\/wp-content\/uploads\/2023\/11\/Photos-Bio-business-2-768x792.jpg 768w, https:\/\/naturephotosdld.ca\/wp-content\/uploads\/2023\/11\/Photos-Bio-business-2.jpg 1162w\" sizes=\"(max-width: 800px) 100vw, 800px\" \/>\t\t\t\t\t\t\t\t\t\t\t\t\t<\/div>\n\t\t\t\t<\/div>\n\t\t\t\t\t<\/div>\n\t\t\t\t<\/div>\n\t\t<div class=\"elementor-element elementor-element-575ac05 e-flex e-con-boxed e-con e-parent\" data-id=\"575ac05\" data-element_type=\"container\">\n\t\t\t\t\t<div class=\"e-con-inner\">\n\t\t\t\t<div class=\"elementor-element elementor-element-5d41db4 elementor-widget elementor-widget-spacer\" data-id=\"5d41db4\" data-element_type=\"widget\" data-widget_type=\"spacer.default\">\n\t\t\t\t<div class=\"elementor-widget-container\">\n\t\t\t\t\t<div class=\"elementor-spacer\">\n\t\t\t<div class=\"elementor-spacer-inner\"><\/div>\n\t\t<\/div>\n\t\t\t\t<\/div>\n\t\t\t\t<\/div>\n\t\t\t\t\t<\/div>\n\t\t\t\t<\/div>\n\t\t\t\t<\/div>","protected":false},"excerpt":{"rendered":"<p>About me Hello\/Bonjour! My name is Denise Lauzon Dempsey and I am a naturalist and photographer who wants to encourage everyone to take the time to appreciate\u00a0 the natural environment that surrounds us, whether it be in your backyard, a local urban park, or a more isolated wetland or mountainous area. A Francophone originally from [&hellip;]<\/p>","protected":false},"author":1,"featured_media":0,"parent":0,"menu_order":0,"comment_status":"closed","ping_status":"closed","template":"","meta":{"nf_dc_page":"","footnotes":""},"class_list":["post-58","page","type-page","status-publish","hentry"],"_links":{"self":[{"href":"https:\/\/naturephotosdld.ca\/fr\/wp-json\/wp\/v2\/pages\/58"}],"collection":[{"href":"https:\/\/naturephotosdld.ca\/fr\/wp-json\/wp\/v2\/pages"}],"about":[{"href":"https:\/\/naturephotosdld.ca\/fr\/wp-json\/wp\/v2\/types\/page"}],"author":[{"embeddable":true,"href":"https:\/\/naturephotosdld.ca\/fr\/wp-json\/wp\/v2\/users\/1"}],"replies":[{"embeddable":true,"href":"https:\/\/naturephotosdld.ca\/fr\/wp-json\/wp\/v2\/comments?post=58"}],"version-history":[{"count":5,"href":"https:\/\/naturephotosdld.ca\/fr\/wp-json\/wp\/v2\/pages\/58\/revisions"}],"predecessor-version":[{"id":2298,"href":"https:\/\/naturephotosdld.ca\/fr\/wp-json\/wp\/v2\/pages\/58\/revisions\/2298"}],"wp:attachment":[{"href":"https:\/\/naturephotosdld.ca\/fr\/wp-json\/wp\/v2\/media?parent=58"}],"curies":[{"name":"wp","href":"https:\/\/api.w.org\/{rel}","templated":true}]}}