{"id":1820,"date":"2023-12-10T21:42:18","date_gmt":"2023-12-11T03:42:18","guid":{"rendered":"https:\/\/naturephotosdld.ca\/?page_id=1820"},"modified":"2023-12-13T23:06:19","modified_gmt":"2023-12-14T05:06:19","slug":"blog","status":"publish","type":"page","link":"https:\/\/naturephotosdld.ca\/fr\/blog\/","title":{"rendered":"Blog"},"content":{"rendered":"<div data-elementor-type=\"wp-page\" data-elementor-id=\"1820\" class=\"elementor elementor-1820\">\n\t\t\t\t<div class=\"elementor-element elementor-element-fb6daa0 e-flex e-con-boxed e-con e-parent\" data-id=\"fb6daa0\" data-element_type=\"container\">\n\t\t\t\t\t<div class=\"e-con-inner\">\n\t\t\t\t<div class=\"elementor-element elementor-element-a3efd6f elementor-widget elementor-widget-spacer\" data-id=\"a3efd6f\" data-element_type=\"widget\" data-widget_type=\"spacer.default\">\n\t\t\t\t<div class=\"elementor-widget-container\">\n\t\t\t\t\t<div class=\"elementor-spacer\">\n\t\t\t<div class=\"elementor-spacer-inner\"><\/div>\n\t\t<\/div>\n\t\t\t\t<\/div>\n\t\t\t\t<\/div>\n\t\t\t\t\t<\/div>\n\t\t\t\t<\/div>\n\t\t<div class=\"elementor-element elementor-element-e758f3b e-flex e-con-boxed e-con e-parent\" data-id=\"e758f3b\" data-element_type=\"container\">\n\t\t\t\t\t<div class=\"e-con-inner\">\n\t\t\t\t<div class=\"elementor-element elementor-element-45221a1 elementor-grid-1 elementor-grid-tablet-1 elementor-grid-mobile-1 elementor-widget elementor-widget-wpzoom-elementor-addons-posts-grid\" data-id=\"45221a1\" data-element_type=\"widget\" data-settings=\"{&quot;columns&quot;:&quot;1&quot;,&quot;columns_tablet&quot;:&quot;1&quot;,&quot;columns_mobile&quot;:&quot;1&quot;}\" data-widget_type=\"wpzoom-elementor-addons-posts-grid.default\">\n\t\t\t\t<div class=\"elementor-widget-container\">\n\t\t\t\t\t<div \n\t\t\tclass=\"wpz-grid\" \n\t\t\tdata-uid=\"45221a1\"\n\t\t\tdata-offset=\"20\"\n\t\t\tdata-posts-grid='{\"posts_per_page\":20,\"post_status\":\"publish\",\"paged\":1,\"post__not_in\":[],\"ignore_sticky_posts\":true,\"category_name\":\"\",\"orderby\":\"post_date\",\"order\":\"desc\",\"offset\":20,\"show_image\":\"yes\",\"post_thumbnail_size\":\"medium\",\"show_title\":\"yes\",\"title_tag\":\"h3\",\"meta_data\":[\"date\",\"comments\"],\"show_excerpt\":\"yes\",\"excerpt_length\":35,\"show_read_more\":\"yes\",\"read_more_text\":\"Read More \\u00bb\",\"grid_style\":\"5\",\"total\":3}'>\n\t\t\t\t\t\t<div class=\"wpz-grid-container elementor-grid wpz-grid-desktop-1  wpz-grid-tablet-1  wpz-grid-mobile-1  grid-meta-bottom\">\n\t\t\t\t\n        <article id=\"post-2050\" class=\"wpz-post post-2050 post type-post status-publish format-standard has-post-thumbnail hentry category-blog\">\n         \n            <div class=\"post-grid-inner\">\n            \t\n            \t\t\t\t<div class=\"post-grid-thumbnail\">\n\t\t\t\t<a href=\"https:\/\/naturephotosdld.ca\/fr\/blog-1-how-do-animals-adapt-to-winter-conditions-2\/\">\n\t\t\t\t\t<img fetchpriority=\"high\" decoding=\"async\" width=\"300\" height=\"225\" src=\"https:\/\/naturephotosdld.ca\/wp-content\/uploads\/2023\/12\/Black-capped-Chickadee-clear-300x225.jpg\" class=\"attachment-medium size-medium wp-post-image\" alt=\"\" srcset=\"https:\/\/naturephotosdld.ca\/wp-content\/uploads\/2023\/12\/Black-capped-Chickadee-clear-300x225.jpg 300w, https:\/\/naturephotosdld.ca\/wp-content\/uploads\/2023\/12\/Black-capped-Chickadee-clear-1024x768.jpg 1024w, https:\/\/naturephotosdld.ca\/wp-content\/uploads\/2023\/12\/Black-capped-Chickadee-clear-768x576.jpg 768w, https:\/\/naturephotosdld.ca\/wp-content\/uploads\/2023\/12\/Black-capped-Chickadee-clear-16x12.jpg 16w, https:\/\/naturephotosdld.ca\/wp-content\/uploads\/2023\/12\/Black-capped-Chickadee-clear-350x263.jpg 350w, https:\/\/naturephotosdld.ca\/wp-content\/uploads\/2023\/12\/Black-capped-Chickadee-clear-600x450.jpg 600w, https:\/\/naturephotosdld.ca\/wp-content\/uploads\/2023\/12\/Black-capped-Chickadee-clear.jpg 1072w\" sizes=\"(max-width: 300px) 100vw, 300px\" \/>\t\t\t\t<\/a>\n\t\t\t<\/div>\n\t\t\n                <div class=\"post-grid-text-wrap\">\n               \t\t\t\t<h3 class=\"title\">\n\t\t\t<a href=\"https:\/\/naturephotosdld.ca\/fr\/blog-1-how-do-animals-adapt-to-winter-conditions-2\/\">Blog #1: Comment les animaux s'adaptent aux conditions d'hiver<\/a>\n\t\t<\/h3>\n\t\t\t                <div class=\"post-grid-excerpt\"><p>La m\u00e9sange est un oiseau bien adapt\u00e9 pour l'hiver. La partie de son cerveau responsable pour la m\u00e9moire s'agrandit afin que l'oiseau puisse mieux se souvenir o\u00f9 il a cach\u00e9 des graines.<\/p>\n<\/div>\t                <a class=\"read-more-btn\" href=\"https:\/\/naturephotosdld.ca\/fr\/blog-1-how-do-animals-adapt-to-winter-conditions-2\/\">Lire la suite \u00bb<\/a>                <\/div>\n\n                \t\t<div class=\"post-grid-meta\">\n\t\t\t<span class=\"post-date\">d\u00e9cembre 11, 2023<\/span><span class=\"post-comments\">Pas de commentaire<\/span>\t\t<\/div>\n\t\t\n            <\/div><!-- .blog-inner -->\n           \n        <\/article>\n\n        \n        <article id=\"post-449\" class=\"wpz-post post-449 post type-post status-publish format-standard hentry category-blog\">\n         \n            <div class=\"post-grid-inner\">\n            \t\n            \t\n                <div class=\"post-grid-text-wrap\">\n               \t\t\t\t<h3 class=\"title\">\n\t\t\t<a href=\"https:\/\/naturephotosdld.ca\/fr\/blog-2-nature-photography-for-everyone\/\">Blog #2: La photographie pour tous<\/a>\n\t\t<\/h3>\n\t\t\t                <div class=\"post-grid-excerpt\"><p>La technologie avanc\u00e9e des cam\u00e9ras de t\u00e9l\u00e9phone cellulaire nous permet tous de devenir photographe, que ce soit de la nature ou autre sujet, sans le montant d\u2019\u00e9quipement qui \u00e9tait n\u00e9cessaire dans le pass\u00e9. Mais par o\u00f9 commencer vous demandez? Voici quelques astuces qui vous aideront:<\/p>\n<\/div>\t                <a class=\"read-more-btn\" href=\"https:\/\/naturephotosdld.ca\/fr\/blog-2-nature-photography-for-everyone\/\">Lire la suite \u00bb<\/a>                <\/div>\n\n                \t\t<div class=\"post-grid-meta\">\n\t\t\t<span class=\"post-date\">d\u00e9cembre 8, 2023<\/span><span class=\"post-comments\">Pas de commentaire<\/span>\t\t<\/div>\n\t\t\n            <\/div><!-- .blog-inner -->\n           \n        <\/article>\n\n        \n        <article id=\"post-666\" class=\"wpz-post post-666 post type-post status-publish format-standard has-post-thumbnail hentry category-blog\">\n         \n            <div class=\"post-grid-inner\">\n            \t\n            \t\t\t\t<div class=\"post-grid-thumbnail\">\n\t\t\t\t<a href=\"https:\/\/naturephotosdld.ca\/fr\/blog3-exploring-nature-with-children\/\">\n\t\t\t\t\t<img decoding=\"async\" width=\"300\" height=\"200\" src=\"https:\/\/naturephotosdld.ca\/wp-content\/uploads\/2023\/12\/Cercopia-larva-1-300x200.jpg\" class=\"attachment-medium size-medium wp-post-image\" alt=\"Cercopia moth larva\" srcset=\"https:\/\/naturephotosdld.ca\/wp-content\/uploads\/2023\/12\/Cercopia-larva-1-300x200.jpg 300w, https:\/\/naturephotosdld.ca\/wp-content\/uploads\/2023\/12\/Cercopia-larva-1-scaled-350x233.jpg 350w, https:\/\/naturephotosdld.ca\/wp-content\/uploads\/2023\/12\/Cercopia-larva-1-scaled-600x400.jpg 600w, https:\/\/naturephotosdld.ca\/wp-content\/uploads\/2023\/12\/Cercopia-larva-1-1024x683.jpg 1024w, https:\/\/naturephotosdld.ca\/wp-content\/uploads\/2023\/12\/Cercopia-larva-1-768x512.jpg 768w, https:\/\/naturephotosdld.ca\/wp-content\/uploads\/2023\/12\/Cercopia-larva-1-1536x1024.jpg 1536w\" sizes=\"(max-width: 300px) 100vw, 300px\" \/>\t\t\t\t<\/a>\n\t\t\t<\/div>\n\t\t\n                <div class=\"post-grid-text-wrap\">\n               \t\t\t\t<h3 class=\"title\">\n\t\t\t<a href=\"https:\/\/naturephotosdld.ca\/fr\/blog3-exploring-nature-with-children\/\">Blog #3: Explorer la nature avec les enfants<\/a>\n\t\t<\/h3>\n\t\t\t                <div class=\"post-grid-excerpt\"><p>Cecropia moth larva Young children are naturally curious about everything around them, so it is easy to explore nature with them. Whether it is a cold winter day or a warm spring morning, there is&hellip;<\/p>\n<\/div>\t                <a class=\"read-more-btn\" href=\"https:\/\/naturephotosdld.ca\/fr\/blog3-exploring-nature-with-children\/\">Lire la suite \u00bb<\/a>                <\/div>\n\n                \t\t<div class=\"post-grid-meta\">\n\t\t\t<span class=\"post-date\">d\u00e9cembre 8, 2023<\/span><span class=\"post-comments\">Pas de commentaire<\/span>\t\t<\/div>\n\t\t\n            <\/div><!-- .blog-inner -->\n           \n        <\/article>\n\n        \t\t\t<\/div>\n\n\t\t\t\t\t\t\t\t\t\t<div class=\"wpz-posts-grid-load-more\">\n\t\t\t\t\t<a href=\"#\" class=\"wpz-posts-grid-load-more-btn btn\">Load More<\/a>\n\t\t\t\t<\/div>\n\t\t\t\t<input type=\"hidden\" id=\"wpz_posts_grid_load_more45221a1\" name=\"wpz_posts_grid_load_more45221a1\" value=\"5e0f5aef4e\" \/><input type=\"hidden\" name=\"_wp_http_referer\" value=\"\/fr\/wp-json\/wp\/v2\/pages\/1820\" \/>\t\t\t\t\t\n\t\t<\/div><!-- \/\/.wpz-grid -->\n\t\t\t\t<\/div>\n\t\t\t\t<\/div>\n\t\t\t\t\t<\/div>\n\t\t\t\t<\/div>\n\t\t<div class=\"elementor-element elementor-element-267792e e-flex e-con-boxed e-con e-parent\" data-id=\"267792e\" data-element_type=\"container\">\n\t\t\t\t\t<div class=\"e-con-inner\">\n\t\t\t\t<div class=\"elementor-element elementor-element-0f8c1d6 elementor-widget elementor-widget-spacer\" data-id=\"0f8c1d6\" data-element_type=\"widget\" data-widget_type=\"spacer.default\">\n\t\t\t\t<div class=\"elementor-widget-container\">\n\t\t\t\t\t<div class=\"elementor-spacer\">\n\t\t\t<div class=\"elementor-spacer-inner\"><\/div>\n\t\t<\/div>\n\t\t\t\t<\/div>\n\t\t\t\t<\/div>\n\t\t\t\t\t<\/div>\n\t\t\t\t<\/div>\n\t\t\t\t<\/div>","protected":false},"excerpt":{"rendered":"<p>Blog #1: How do animals adapt to winter conditions? Black-capped Chickadees are a wintering bird whose brain adapts by enlarging the memory portion of the brain. Whatever your chosen winter activity, hiking, skiing or snowshoeing, you&#8217;ll have plenty of opportunity so see animals who are active during the winter and observe how they have adapted [&hellip;]<\/p>","protected":false},"author":1,"featured_media":0,"parent":0,"menu_order":0,"comment_status":"closed","ping_status":"closed","template":"","meta":{"nf_dc_page":"","footnotes":""},"class_list":["post-1820","page","type-page","status-publish","hentry"],"_links":{"self":[{"href":"https:\/\/naturephotosdld.ca\/fr\/wp-json\/wp\/v2\/pages\/1820"}],"collection":[{"href":"https:\/\/naturephotosdld.ca\/fr\/wp-json\/wp\/v2\/pages"}],"about":[{"href":"https:\/\/naturephotosdld.ca\/fr\/wp-json\/wp\/v2\/types\/page"}],"author":[{"embeddable":true,"href":"https:\/\/naturephotosdld.ca\/fr\/wp-json\/wp\/v2\/users\/1"}],"replies":[{"embeddable":true,"href":"https:\/\/naturephotosdld.ca\/fr\/wp-json\/wp\/v2\/comments?post=1820"}],"version-history":[{"count":8,"href":"https:\/\/naturephotosdld.ca\/fr\/wp-json\/wp\/v2\/pages\/1820\/revisions"}],"predecessor-version":[{"id":2143,"href":"https:\/\/naturephotosdld.ca\/fr\/wp-json\/wp\/v2\/pages\/1820\/revisions\/2143"}],"wp:attachment":[{"href":"https:\/\/naturephotosdld.ca\/fr\/wp-json\/wp\/v2\/media?parent=1820"}],"curies":[{"name":"wp","href":"https:\/\/api.w.org\/{rel}","templated":true}]}}